{"id":10,"date":"2012-08-08T06:41:06","date_gmt":"2012-08-08T06:41:06","guid":{"rendered":"http:\/\/deinbacher-dorfladen.de\/?page_id=10"},"modified":"2021-03-07T09:17:38","modified_gmt":"2021-03-07T09:17:38","slug":"impressum","status":"publish","type":"page","link":"https:\/\/www.deinbacher-dorfladen.de\/?page_id=10","title":{"rendered":"Impressum"},"content":{"rendered":"<p><strong>Anbieter:<br \/>\n<\/strong>Dorfladen Gro\u00dfdeinbach eG<br \/>\nPistoriusstr. 3<br \/>\n73527 Schw\u00e4bisch Gm\u00fcnd<br \/>\nTelefon: 0 71 71 \/ 9\u00a099 23 47<br \/>\nTelefax: 0 71 71 \/ 9 99 23 48<br \/>\nE-Mail:<script language=\"JavaScript\">\/\/ <![CDATA[\nvar name = \"info\";\nvar domain = \"deinbacher-dorfladen.de\";\ndocument.write('<a href=\\\"mailto:' + name + '@' + domain + '\\\">');\ndocument.write(name + '@' + domain + '<\/a>');\n\/\/ ]]><\/script><\/p>\n<p><strong>Vertreten durch den Vorstand:<br \/>\n<\/strong>Anton Beisswenger, Theo Stepp<\/p>\n<p><strong>Vorsitz des Aufsichtsrates:<br \/>\n<\/strong>Gerd Zischka<\/p>\n<p><strong>Rechtsform:<br \/>\n<\/strong>Genossenschaft<\/p>\n<p><strong>Genossenschaftsregister:<\/strong><br \/>\nGnR\u00a0720065<\/p>\n<p><strong>Amtsgericht:<br \/>\n<\/strong><span style=\"color: #000000;\">Amtsgericht\u00a0Ulm<\/span><\/p>\n<p><strong>Sitz der Genossenschaft:<br \/>\n<\/strong>73527 Schw\u00e4bisch Gm\u00fcnd<\/p>\n<p><strong>Pr\u00fcfungsverband:<br \/>\n<\/strong>Pr\u00fcfungsverband deutscher Konsum- und Dienstleistungsgenossenschaften e.V.<br \/>\nSch\u00f6nhauser Allee 10-11<br \/>\n10119 Berlin<br \/>\nTelefon 030\/246581-0, Fax 030\/246581-29<br \/>\nmehwald@pdk-berlin.de, www.pdk-berlin.de<\/p>\n<p><strong>Umsatzsteuer-ID:<\/strong><br \/>\n8308505287<br \/>\nDE 283510896<\/p>\n<p><strong>Verantwortlich f\u00fcr den Inhalt nach \u00a7 55 Abs. 2 RStV:<\/strong><br \/>\nAnton Beisswenger<\/p>\n<p><strong>Gew\u00e4hrleistungsausschluss<br \/>\n<\/strong>Wir pr\u00fcfen und aktualisieren die Informationen auf unserer Webseite st\u00e4ndig. Trotz aller Sorgfalt k\u00f6nnen sich die Angaben inzwischen ver\u00e4ndert haben. Eine Haftung oder Garantie f\u00fcr die Aktualit\u00e4t, Richtigkeit und Vollst\u00e4ndigkeit der zur Verf\u00fcgung gestellten Informationen kann deshalb nicht \u00fcbernommen werden.<\/p>\n<p>Die\u00a0Dorfladen Gro\u00dfdeinbach eG ist nicht f\u00fcr den Inhalt und die Darstellung von anderen Webseiten verantwortlich, auf die mittels Hyperlink verwiesen wird. Ebenso \u00fcbernehmen wir keine Haftung f\u00fcr Informationen auf Webseiten Dritter, die per Link auf die\u00a0Dorfladen Gro\u00dfdeinbach\u00a0eG &#8211; Seiten verweisen.<\/p>\n<p><strong>Urheberrechte<br \/>\n<\/strong>Inhalt, Zusammenstellung, Struktur und Pr\u00e4sentation der\u00a0Dorfladen Gro\u00dfdeinbach\u00a0eG &#8211; Webseiten sind urheberrechtlich gesch\u00fctzt. Im \u00fcbrigen ist die Vervielf\u00e4ltigung und Verbreitung von Informationen oder Daten (Text, Bild, Grafik, Ton, Video oder Animationsdateien), ohne vorherige schriftliche Zustimmung der\u00a0Dorfladen Gro\u00dfdeinbach eG untersagt. Dies gilt auch f\u00fcr die auszugsweise Vervielf\u00e4ltigung und Verbreitung.<\/p>\n<p><strong>Datenschutz<\/strong><br \/>\nUnseren Datenschutzerkl\u00e4rung finden Sie hier:\u00a0<a href=\"https:\/\/deinbacher-dorfladen.de\/?page_id=242\">Link<\/a><\/p>\n","protected":false},"excerpt":{"rendered":"<p>Anbieter: Dorfladen Gro\u00dfdeinbach eG Pistoriusstr. 3 73527 Schw\u00e4bisch Gm\u00fcnd Telefon: 0 71 71 \/ 9\u00a099 23 47 Telefax: 0 71 71 \/ 9 99 23 48 E-Mail: Vertreten durch den Vorstand: Anton Beisswenger, Theo Stepp Vorsitz des Aufsichtsrates: Gerd Zischka &hellip; <a href=\"https:\/\/www.deinbacher-dorfladen.de\/?page_id=10\">Weiterlesen <span class=\"meta-nav\">&rarr;<\/span><\/a><\/p>\n","protected":false},"author":1,"featured_media":0,"parent":0,"menu_order":7,"comment_status":"closed","ping_status":"closed","template":"","meta":{"jetpack_post_was_ever_published":false,"footnotes":""},"class_list":["post-10","page","type-page","status-publish","hentry"],"jetpack_sharing_enabled":true,"jetpack_shortlink":"https:\/\/wp.me\/P807vO-a","_links":{"self":[{"href":"https:\/\/www.deinbacher-dorfladen.de\/index.php?rest_route=\/wp\/v2\/pages\/10","targetHints":{"allow":["GET"]}}],"collection":[{"href":"https:\/\/www.deinbacher-dorfladen.de\/index.php?rest_route=\/wp\/v2\/pages"}],"about":[{"href":"https:\/\/www.deinbacher-dorfladen.de\/index.php?rest_route=\/wp\/v2\/types\/page"}],"author":[{"embeddable":true,"href":"https:\/\/www.deinbacher-dorfladen.de\/index.php?rest_route=\/wp\/v2\/users\/1"}],"replies":[{"embeddable":true,"href":"https:\/\/www.deinbacher-dorfladen.de\/index.php?rest_route=%2Fwp%2Fv2%2Fcomments&post=10"}],"version-history":[{"count":24,"href":"https:\/\/www.deinbacher-dorfladen.de\/index.php?rest_route=\/wp\/v2\/pages\/10\/revisions"}],"predecessor-version":[{"id":382,"href":"https:\/\/www.deinbacher-dorfladen.de\/index.php?rest_route=\/wp\/v2\/pages\/10\/revisions\/382"}],"wp:attachment":[{"href":"https:\/\/www.deinbacher-dorfladen.de\/index.php?rest_route=%2Fwp%2Fv2%2Fmedia&parent=10"}],"curies":[{"name":"wp","href":"https:\/\/api.w.org\/{rel}","templated":true}]}}