{"id":110,"date":"2013-09-21T13:15:00","date_gmt":"2013-09-21T13:15:00","guid":{"rendered":"http:\/\/deinbacher-dorfladen.de\/?page_id=110"},"modified":"2021-11-26T08:45:14","modified_gmt":"2021-11-26T08:45:14","slug":"geschichte","status":"publish","type":"page","link":"https:\/\/www.deinbacher-dorfladen.de\/?page_id=110","title":{"rendered":"Geschichte"},"content":{"rendered":"<p><strong>Erhaltung der Ortsmitte &#8211; der Weg zum Dorfladen<\/strong><br \/>\nEin R\u00fcckblick auf das b\u00fcrgerschaftliche Engagement 2009 bis 2013<\/p>\n<p><strong>1907<\/strong>: Bau des Schulhauses in Gro\u00dfdeinbach.<br \/>\n<strong>1965<\/strong>: Umnutzung zum Rathaus, sp\u00e4ter Bezirksamt.<br \/>\n<strong>2009<\/strong>: Umzug Bezirksamt ins neue Schulhaus (Beschluss zum Verkauf des alten Schulhauses).<br \/>\n<strong>9. Mai 2009<\/strong>: Schreiben der evangelischen Kirchengemeinde an Oberb\u00fcrgermeister Leidig zur Erhaltung der Ortsmitte und Sanierung des Geb\u00e4udes. (Appell der Weihnachtsmarktbetreiber und Vereine zur Beibehaltung des \u00f6ffentlichen Platzcharakters).<br \/>\n<strong>Dezember 2009<\/strong>: Aufruf der Stadtverwaltung f\u00fcr Vorschl\u00e4ge der Nachnutzung.<br \/>\n<strong>Februar 2010<\/strong>: Ein \u201eTeam ortsverbundener B\u00fcrger\u201c engagiert sich gegen den unmittelbar bevorstehenden Verkauf des gesamten Areals an einen privaten Investor. Eine b\u00fcrgerschaftliche Nutzung des alten Schulhauses und des Vorplatzes soll m\u00f6glich bleiben!<br \/>\n<strong>7. Mai 2010<\/strong>: Eine spontane B\u00fcrgerversammlung unterstreicht den Willen der Deinbacher, den Platz f\u00fcr das Dorfleben zu retten.<br \/>\n<strong>20. Mai 2010<\/strong>: Im Ortschaftsrat r\u00e4umt OB Richard Arnold den B\u00fcrgern die Gelegenheit ein, die Idee eines Dorfladens bis zum Sommer zu konkretisieren. (Pfarrer Stephan Schwarz moderierte die einsetzende Diskussionsphase).<br \/>\n<strong>25. Mai 2010<\/strong>: Auf einer weiteren B\u00fcrgerversammlung im evangelischen Gemeindehaus wird das Konzept zur Umnutzung des Geb\u00e4udes vorgestellt und die Gr\u00fcndung einer Ortsgemeinschaft beschlossen. Die Initiative nimmt Fahrt auf.<br \/>\n<strong>26. Juli 2010<\/strong>: 200 B\u00fcrger gr\u00fcnden die \u201eOrtsgemeinschaft Gro\u00dfdeinbach e. V.\u201c. Notfalls soll das alte Schulhaus selbst erworben und saniert werden. Entw\u00fcrfe und Finanzkonzept liegen bereits vor. Die Idee eines genossenschaftlichen Dorfladens findet bereits Interesse bei den B\u00fcrgern, erste Vorab-Anteile werden gezeichnet.<br \/>\n<strong>Mai 2011<\/strong>: Breitangelegte Umfrage zum Dorfladen ergibt gro\u00dfen Bedarf an Nahversorger und Aufschluss \u00fcber gew\u00fcnschtes Sortiment.<br \/>\n<strong>Juli 2011<\/strong>: 81 Deinbacher gr\u00fcnden die \u201eDorfladen Gro\u00dfdeinbach eG\u201c. Die Genossenschaft nimmt ihre Arbeit auf. Die Stadt erwirbt das alte Schulhaus und die VGW beginnt mit dem Umbau. Neben dem Dorfladen bleibt die KSK Ostalb als Nutzer, oben entsehen f\u00fcnf Wohnungen.<br \/>\n<strong>2012<\/strong>: Bauma\u00dfnahmen am Haus, intensive Vorbereitung des Dorfladens.<br \/>\n<strong>16. Mai 2013<\/strong>: Einweihung des sanierten Geb\u00e4udes, Er\u00f6ffnung des Dorfladens.<br \/>\n<strong>2015:<\/strong> Der Deinbacher Dorfladen hat den 1. Platz beim Ehrenamtspreis ECHT GUT! des Landes Baden-W\u00fcrttemberg in der Kategorie Mensch und Umwelt gewonnen.<br \/>\n<strong>2020:<\/strong> Auszeichnung &#8222;Dorfladen des Jahres 2020&#8220;<br \/>\n<strong>2021:<\/strong> Deutscher Nachbarschaftspreis 2021. Themensieger in der Kategorie \u201e\u00d6ffentlicher Raum\u201c<\/p>\n","protected":false},"excerpt":{"rendered":"<p>Erhaltung der Ortsmitte &#8211; der Weg zum Dorfladen Ein R\u00fcckblick auf das b\u00fcrgerschaftliche Engagement 2009 bis 2013 1907: Bau des Schulhauses in Gro\u00dfdeinbach. 1965: Umnutzung zum Rathaus, sp\u00e4ter Bezirksamt. 2009: Umzug Bezirksamt ins neue Schulhaus (Beschluss zum Verkauf des alten &hellip; <a href=\"https:\/\/www.deinbacher-dorfladen.de\/?page_id=110\">Weiterlesen <span class=\"meta-nav\">&rarr;<\/span><\/a><\/p>\n","protected":false},"author":1,"featured_media":0,"parent":0,"menu_order":0,"comment_status":"closed","ping_status":"closed","template":"","meta":{"jetpack_post_was_ever_published":false,"footnotes":""},"class_list":["post-110","page","type-page","status-publish","hentry"],"jetpack_sharing_enabled":true,"jetpack_shortlink":"https:\/\/wp.me\/P807vO-1M","_links":{"self":[{"href":"https:\/\/www.deinbacher-dorfladen.de\/index.php?rest_route=\/wp\/v2\/pages\/110","targetHints":{"allow":["GET"]}}],"collection":[{"href":"https:\/\/www.deinbacher-dorfladen.de\/index.php?rest_route=\/wp\/v2\/pages"}],"about":[{"href":"https:\/\/www.deinbacher-dorfladen.de\/index.php?rest_route=\/wp\/v2\/types\/page"}],"author":[{"embeddable":true,"href":"https:\/\/www.deinbacher-dorfladen.de\/index.php?rest_route=\/wp\/v2\/users\/1"}],"replies":[{"embeddable":true,"href":"https:\/\/www.deinbacher-dorfladen.de\/index.php?rest_route=%2Fwp%2Fv2%2Fcomments&post=110"}],"version-history":[{"count":5,"href":"https:\/\/www.deinbacher-dorfladen.de\/index.php?rest_route=\/wp\/v2\/pages\/110\/revisions"}],"predecessor-version":[{"id":415,"href":"https:\/\/www.deinbacher-dorfladen.de\/index.php?rest_route=\/wp\/v2\/pages\/110\/revisions\/415"}],"wp:attachment":[{"href":"https:\/\/www.deinbacher-dorfladen.de\/index.php?rest_route=%2Fwp%2Fv2%2Fmedia&parent=110"}],"curies":[{"name":"wp","href":"https:\/\/api.w.org\/{rel}","templated":true}]}}