{"id":48,"date":"2013-05-02T18:27:23","date_gmt":"2013-05-02T18:27:23","guid":{"rendered":"http:\/\/deinbacher-dorfladen.de\/?page_id=48"},"modified":"2021-04-18T09:09:17","modified_gmt":"2021-04-18T09:09:17","slug":"sortiment","status":"publish","type":"page","link":"https:\/\/www.deinbacher-dorfladen.de\/?page_id=48","title":{"rendered":"Sortiment"},"content":{"rendered":"<p>Unser\u00a0Sortiment enth\u00e4lt alle Waren des t\u00e4glichen Bedarfs, frisch und in guter Qualit\u00e4t, konventionell oder \u00f6kologisch erzeugt. Einen Gro\u00dfteil unseres Umsatzes erzielen wir mit regionalen Produkten. Wir bieten eine gro\u00dfe Auswahl an Produkten in Demeter- und Bioqualit\u00e4t.<\/p>\n<p><strong><a href=\"http:\/\/www.muehli.de\" target=\"_blank\" rel=\"noopener noreferrer\">B\u00e4ckerei M\u00fchlh\u00e4user<\/a>\u00a0<\/strong>&#8211; Backwaren und Kuchen<br \/>\n<strong>Bauer Leberle, Hainsfarth<\/strong> &#8211; Kartoffeln<br \/>\n<strong>B\u00e4uerle, Auendorf<\/strong> &#8211; Konfit\u00fcren<strong><br \/>\n<a href=\"http:\/\/www.fauser-bioland.de\" target=\"_blank\" rel=\"noopener noreferrer\">Biolandhof Fauser<\/a>\u00a0<\/strong>&#8211; Wurstwaren<strong><br \/>\n<a href=\"http:\/\/www.dorfkaeserei.de\" target=\"_blank\" rel=\"noopener noreferrer\">Dorfk\u00e4serei Geifertshofen<\/a>\u00a0<\/strong>&#8211; K\u00e4se<strong><br \/>\n<a href=\"http:\/\/www.edeka.de\" target=\"_blank\" rel=\"noopener\">EDEKA Handelsgesellschaft S\u00fcdwest mbH<\/a><\/strong>\u00a0&#8211; Basissortiment<br \/>\n<strong>Familienimkerei Grau<\/strong> &#8211; Honig<br \/>\n<strong>Familienimkerei St\u00e4hle<\/strong> &#8211; Honig und Kerzen (Bienenwachskerzen)<br \/>\n<a href=\"http:\/\/www.umbreit.de\" target=\"_blank\" rel=\"noopener noreferrer\"><strong>G. Umbreit GmbH &amp; Co.\u00a0KG<\/strong>\u00a0<\/a>&#8211; Zeitschriften<br \/>\n<strong><a href=\"https:\/\/www.gefluegelhof-reber.de\" target=\"_blank\" rel=\"noopener noreferrer\">Gefl\u00fcgelhof Reber<\/a><\/strong> &#8211; Eier<br \/>\n<strong>Gew\u00fcrzkorb, Achern<\/strong> &#8211; verschiedene Gerw\u00fcrze<br \/>\n<a href=\"http:\/\/www.heubacher.de\" target=\"_blank\" rel=\"noopener noreferrer\"><strong>Hirschbrauerei Heubach<\/strong> <\/a>&#8211; Bier<br \/>\n<strong><a href=\"http:\/\/www.kraeuter-kenner.de\/\" target=\"_blank\" rel=\"noopener noreferrer\">Kr\u00e4uter Kenner<\/a><\/strong> &#8211; Gew\u00fcrze und Kr\u00e4uter<br \/>\n<strong>Lauteracher Alb<\/strong> &#8211; Feldfr\u00fcchte<br \/>\n<strong><a href=\"https:\/\/www.maiersgenuss.de\/\" target=\"_blank\" rel=\"noopener noreferrer\">Maiers Genuss<\/a><\/strong> &#8211; Gew\u00fcrze und Kr\u00e4uter<br \/>\n<a href=\"http:\/\/www.nagels-fleischmanufaktur.de\/\" target=\"_blank\" rel=\"noopener\"><strong>Nagel&#8217;s Fleischmanufaktur<\/strong><\/a> &#8211; Wurst und Fleischwaren<br \/>\n<a href=\"http:\/\/bio-bauer-bader.de\" target=\"_blank\" rel=\"noopener noreferrer\"><strong>Naturlandhof Bader\/ Sachsenhof<\/strong> <\/a>&#8211; Eier<br \/>\n<strong>Obstbau Hubschneider, Weinstadt<\/strong> &#8211; \u00c4pfel<br \/>\n<strong><a href=\"http:\/\/www.paxan-direkt.de\" target=\"_blank\" rel=\"noopener noreferrer\">pax an Naturwarenhandels GmbH<\/a><\/strong> &#8211; Biosortiment incl. K\u00e4se<br \/>\n<strong>Rudolf Kaffee, Schorndorf<\/strong> &#8211; reginaler Kaffee<br \/>\n<strong>Sanafair, Geinhausen<\/strong> &#8211; Fair trade Bananen<br \/>\n<a href=\"http:\/\/www.molkerei-schrozberg.de\" target=\"_blank\" rel=\"noopener noreferrer\"><strong>Schrozberger Milchbauern<\/strong> <\/a>&#8211; Molkereiprodukte<br \/>\n<a href=\"http:\/\/www.dlask-sekt-wein.de\" target=\"_blank\" rel=\"noopener noreferrer\"><strong>Sekt- &amp; Weindepot Dlask<\/strong> <\/a>&#8211; Rilling Sekt und Wein<br \/>\n<strong>Sonnerberghof, Remshalden<\/strong> &#8211; Demeter \u00c4pfel<br \/>\n<strong>Weleda<\/strong> &#8211; Naturkosmetik<br \/>\n<strong>Weltladen, Schw\u00e4bisch Gm\u00fcnd<\/strong> &#8211; Fair gehandelte Produkte<br \/>\n<strong><a href=\"http:\/\/www.wenco.de\" target=\"_blank\" rel=\"noopener noreferrer\">Wenco<\/a><\/strong> &#8211; Schulbedarf, Kurzwaren, Gru\u00dfkarten<br \/>\n<strong><a href=\"http:\/\/zinssermuehle.de\" target=\"_blank\" rel=\"noopener noreferrer\">Zinser M\u00fchle<\/a><\/strong> &#8211; Mehl<\/p>\n","protected":false},"excerpt":{"rendered":"<p>Unser\u00a0Sortiment enth\u00e4lt alle Waren des t\u00e4glichen Bedarfs, frisch und in guter Qualit\u00e4t, konventionell oder \u00f6kologisch erzeugt. Einen Gro\u00dfteil unseres Umsatzes erzielen wir mit regionalen Produkten. Wir bieten eine gro\u00dfe Auswahl an Produkten in Demeter- und Bioqualit\u00e4t. B\u00e4ckerei M\u00fchlh\u00e4user\u00a0&#8211; Backwaren und &hellip; <a href=\"https:\/\/www.deinbacher-dorfladen.de\/?page_id=48\">Weiterlesen <span class=\"meta-nav\">&rarr;<\/span><\/a><\/p>\n","protected":false},"author":1,"featured_media":0,"parent":0,"menu_order":0,"comment_status":"closed","ping_status":"closed","template":"","meta":{"jetpack_post_was_ever_published":false,"footnotes":""},"class_list":["post-48","page","type-page","status-publish","hentry"],"jetpack_sharing_enabled":true,"jetpack_shortlink":"https:\/\/wp.me\/P807vO-M","_links":{"self":[{"href":"https:\/\/www.deinbacher-dorfladen.de\/index.php?rest_route=\/wp\/v2\/pages\/48","targetHints":{"allow":["GET"]}}],"collection":[{"href":"https:\/\/www.deinbacher-dorfladen.de\/index.php?rest_route=\/wp\/v2\/pages"}],"about":[{"href":"https:\/\/www.deinbacher-dorfladen.de\/index.php?rest_route=\/wp\/v2\/types\/page"}],"author":[{"embeddable":true,"href":"https:\/\/www.deinbacher-dorfladen.de\/index.php?rest_route=\/wp\/v2\/users\/1"}],"replies":[{"embeddable":true,"href":"https:\/\/www.deinbacher-dorfladen.de\/index.php?rest_route=%2Fwp%2Fv2%2Fcomments&post=48"}],"version-history":[{"count":23,"href":"https:\/\/www.deinbacher-dorfladen.de\/index.php?rest_route=\/wp\/v2\/pages\/48\/revisions"}],"predecessor-version":[{"id":394,"href":"https:\/\/www.deinbacher-dorfladen.de\/index.php?rest_route=\/wp\/v2\/pages\/48\/revisions\/394"}],"wp:attachment":[{"href":"https:\/\/www.deinbacher-dorfladen.de\/index.php?rest_route=%2Fwp%2Fv2%2Fmedia&parent=48"}],"curies":[{"name":"wp","href":"https:\/\/api.w.org\/{rel}","templated":true}]}}