{"id":8,"date":"2012-08-08T06:40:53","date_gmt":"2012-08-08T06:40:53","guid":{"rendered":"http:\/\/deinbacher-dorfladen.de\/?page_id=8"},"modified":"2016-10-09T08:51:17","modified_gmt":"2016-10-09T08:51:17","slug":"kontakt","status":"publish","type":"page","link":"https:\/\/www.deinbacher-dorfladen.de\/?page_id=8","title":{"rendered":"Kontakt"},"content":{"rendered":"<p><strong>Dorfladen Gro\u00dfdeinbach eG<\/strong><br \/>\nPistoriusstr. 3<br \/>\n73527 Schw\u00e4bisch Gm\u00fcnd<br \/>\nTelefon: 0 71 71 \/ 9\u00a099 23 47<br \/>\nE-Mail:<script type=\"text\/javascript\" language=\"JavaScript\">\/\/ <![CDATA[\nvar name = \"info\";\nvar domain = \"deinbacher-dorfladen.de\";\ndocument.write('<a href=\\\"mailto:' + name + '@' + domain + '\\\">');\ndocument.write(name + '@' + domain + '<\/a>');\n\/\/ ]]><\/script><\/p>\n<p align=\"left\"><strong>Unsere \u00d6ffnungszeiten:<\/strong><br \/>\nMontag, Dienstag, Donnerstag, Freitag: <strong>7 &#8211; 18 Uhr<\/strong><br \/>\nMittwoch &amp; Samstag: <strong>7 &#8211; 13 Uhr<\/strong><\/p>\n","protected":false},"excerpt":{"rendered":"<p>Dorfladen Gro\u00dfdeinbach eG Pistoriusstr. 3 73527 Schw\u00e4bisch Gm\u00fcnd Telefon: 0 71 71 \/ 9\u00a099 23 47 E-Mail: Unsere \u00d6ffnungszeiten: Montag, Dienstag, Donnerstag, Freitag: 7 &#8211; 18 Uhr Mittwoch &amp; Samstag: 7 &#8211; 13 Uhr<\/p>\n","protected":false},"author":1,"featured_media":0,"parent":0,"menu_order":6,"comment_status":"closed","ping_status":"closed","template":"","meta":{"jetpack_post_was_ever_published":false,"footnotes":""},"class_list":["post-8","page","type-page","status-publish","hentry"],"jetpack_sharing_enabled":true,"jetpack_shortlink":"https:\/\/wp.me\/P807vO-8","_links":{"self":[{"href":"https:\/\/www.deinbacher-dorfladen.de\/index.php?rest_route=\/wp\/v2\/pages\/8","targetHints":{"allow":["GET"]}}],"collection":[{"href":"https:\/\/www.deinbacher-dorfladen.de\/index.php?rest_route=\/wp\/v2\/pages"}],"about":[{"href":"https:\/\/www.deinbacher-dorfladen.de\/index.php?rest_route=\/wp\/v2\/types\/page"}],"author":[{"embeddable":true,"href":"https:\/\/www.deinbacher-dorfladen.de\/index.php?rest_route=\/wp\/v2\/users\/1"}],"replies":[{"embeddable":true,"href":"https:\/\/www.deinbacher-dorfladen.de\/index.php?rest_route=%2Fwp%2Fv2%2Fcomments&post=8"}],"version-history":[{"count":14,"href":"https:\/\/www.deinbacher-dorfladen.de\/index.php?rest_route=\/wp\/v2\/pages\/8\/revisions"}],"predecessor-version":[{"id":196,"href":"https:\/\/www.deinbacher-dorfladen.de\/index.php?rest_route=\/wp\/v2\/pages\/8\/revisions\/196"}],"wp:attachment":[{"href":"https:\/\/www.deinbacher-dorfladen.de\/index.php?rest_route=%2Fwp%2Fv2%2Fmedia&parent=8"}],"curies":[{"name":"wp","href":"https:\/\/api.w.org\/{rel}","templated":true}]}}